{"id":162,"date":"2015-03-18T17:56:30","date_gmt":"2015-03-18T17:56:30","guid":{"rendered":"http:\/\/coachflorianopolis.com.br\/?page_id=162"},"modified":"2016-09-14T14:27:25","modified_gmt":"2016-09-14T17:27:25","slug":"exercicios-para-ansiedade-e-relaxamento-som","status":"publish","type":"page","link":"https:\/\/coachflorianopolis.com.br\/index.php\/exercicios-para-ansiedade-e-relaxamento-som","title":{"rendered":"Exerc\u00edcio para ansiedade"},"content":{"rendered":"<p><span style=\"color: #339966;\">Ansiedade nunca mais.<\/span><\/p>\n<p>Com o reconhecimento daqueles que conseguiram superar seus medos, traumas\u00a0e\u00a0ansiedades, trago o programa &#8220;Controlar Ansiedade&#8221;, um processo in\u00e9dito para que voc\u00ea possa alcan\u00e7ar uma vida muito mais tranquila e feliz. Com esse programa a ansiedade simplesmente se acalma e se desfaz diante de seus olhos.<\/p>\n<p>O programa \u00e9 realizado na forma de \u00e1udio\/exerc\u00edcios para serem ouvidos em sua casa ou onde melhor o atender. Os exerc\u00edcios foram criados por Cesar Moraes \u2013 Professional Coaching e Terapeuta, baseados em t\u00e9cnicas de terapias de processo e fundamentadas em\u00a0Coaching, Programa\u00e7\u00e3o Neurolingu\u00edstica, Terapia da Linha do Tempo e outras t\u00e9cnicas, no intuito de ajudar a amenizar ou mesmo acabar com sua ansiedade. Direcionado para pessoas que tenham ansiedade e queiram melhorar de forma geral os sintomas e suas incapacita\u00e7\u00f5es.<\/p>\n<p>S\u00e3o usados para melhorar a sua sa\u00fade mental ou em caso de:<\/p>\n<ul>\n<li>Ansiedade<\/li>\n<li>Transtorno de Ansiedade Generalizada<\/li>\n<li>S\u00edndrome do P\u00e2nico<\/li>\n<li>Fobias<\/li>\n<li>Transtorno de Ansiedade Social<\/li>\n<li>Como forma de relaxamento<\/li>\n<li>Como desenvolvimento pessoal<\/li>\n<\/ul>\n<p>&nbsp;<\/p>\n<p style=\"text-align: justify;\"><span style=\"color: #008000;\">Depois de realizar o exerc\u00edcio, agradeceria muito sua opini\u00e3o. Pode ser feita no final dessa p\u00e1gina.<\/span><\/p>\n<p>&nbsp;<\/p>\n<h3 style=\"text-align: center;\">Acesse aqui o programa <a href=\"http:\/\/www.controlaransiedade.com.br\">www.controlaransiedade.com.br<\/a><\/h3>\n<h3 style=\"text-align: center;\">Aplicativo celular e tablet: <a href=\"https:\/\/play.google.com\/store\/apps\/details?id=appinventor.ai_olocoemail.Ansiedade\">GooglePlay<\/a><\/h3>\n<p>Ou acesse via QR Code diretamente para seu celular na imagem abaixo.<\/p>\n<p><img fetchpriority=\"high\" decoding=\"async\" class=\"wp-image-566 aligncenter\" src=\"http:\/\/www.controlaransiedade.com.br\/wp-content\/uploads\/2016\/09\/1-qrcode-300x300.jpg\" alt=\"ansiedade-qrcode\" width=\"232\" height=\"241\" \/><\/p>\n<p style=\"text-align: center;\">\n","protected":false},"excerpt":{"rendered":"<p>Ansiedade nunca mais. Com o reconhecimento daqueles que conseguiram superar seus medos, traumas\u00a0e\u00a0ansiedades, trago o programa &#8220;Controlar Ansiedade&#8221;, um processo in\u00e9dito para [&hellip;]<\/p>\n","protected":false},"author":1,"featured_media":0,"parent":0,"menu_order":0,"comment_status":"open","ping_status":"open","template":"","meta":{"footnotes":""},"class_list":["post-162","page","type-page","status-publish","hentry"],"_links":{"self":[{"href":"https:\/\/coachflorianopolis.com.br\/index.php\/wp-json\/wp\/v2\/pages\/162","targetHints":{"allow":["GET"]}}],"collection":[{"href":"https:\/\/coachflorianopolis.com.br\/index.php\/wp-json\/wp\/v2\/pages"}],"about":[{"href":"https:\/\/coachflorianopolis.com.br\/index.php\/wp-json\/wp\/v2\/types\/page"}],"author":[{"embeddable":true,"href":"https:\/\/coachflorianopolis.com.br\/index.php\/wp-json\/wp\/v2\/users\/1"}],"replies":[{"embeddable":true,"href":"https:\/\/coachflorianopolis.com.br\/index.php\/wp-json\/wp\/v2\/comments?post=162"}],"version-history":[{"count":10,"href":"https:\/\/coachflorianopolis.com.br\/index.php\/wp-json\/wp\/v2\/pages\/162\/revisions"}],"predecessor-version":[{"id":315,"href":"https:\/\/coachflorianopolis.com.br\/index.php\/wp-json\/wp\/v2\/pages\/162\/revisions\/315"}],"wp:attachment":[{"href":"https:\/\/coachflorianopolis.com.br\/index.php\/wp-json\/wp\/v2\/media?parent=162"}],"curies":[{"name":"wp","href":"https:\/\/api.w.org\/{rel}","templated":true}]}}