{"id":2,"date":"2011-09-15T04:16:06","date_gmt":"2011-09-15T04:16:06","guid":{"rendered":"http:\/\/coachflorianopolis.com.br\/?page_id=2"},"modified":"2019-09-27T11:40:09","modified_gmt":"2019-09-27T14:40:09","slug":"sobre","status":"publish","type":"page","link":"https:\/\/coachflorianopolis.com.br\/index.php\/sobre","title":{"rendered":"Sobre"},"content":{"rendered":"<p style=\"text-align: justify;\">Esse site\/blog foi criado pelo Coach Cesar Moraes e tem como finalidade divulgar id\u00e9ias e opini\u00f5es sobre o Coaching.<\/p>\n<div id=\"attachment_15\" class=\"wp-caption alignleft\">\n<figure id=\"attachment_15\" aria-describedby=\"caption-attachment-15\" style=\"width: 230px\" class=\"wp-caption alignnone\"><a href=\"http:\/\/coachflorianopolis.com.br\/wp-content\/uploads\/2011\/09\/cesar_t2.jpg\" rel=\"attachment wp-att-15\"><img fetchpriority=\"high\" decoding=\"async\" class=\"size-full wp-image-15\" src=\"http:\/\/coachflorianopolis.com.br\/wp-content\/uploads\/2011\/09\/cesar_t2.jpg\" alt=\"Professional &amp; Marketing Coaching - Cesar Moraes\" width=\"230\" height=\"345\" srcset=\"https:\/\/coachflorianopolis.com.br\/wp-content\/uploads\/2011\/09\/cesar_t2.jpg 230w, https:\/\/coachflorianopolis.com.br\/wp-content\/uploads\/2011\/09\/cesar_t2-200x300.jpg 200w\" sizes=\"(max-width: 230px) 100vw, 230px\" \/><\/a><figcaption id=\"caption-attachment-15\" class=\"wp-caption-text\">Professional &amp; Marketing Coaching &#8211; Cesar Moraes<\/figcaption><\/figure>\n<\/div>\n<p style=\"text-align: justify;\">Cesar de Moraes \u2013 Graduado em Marketing, Professional &amp; Marketing Coaching. P\u00f3s-gradua\u00e7\u00e3o em Psicologia e Coaching (MEC). Certificado internacionalmente por ECA \u2013 European Coaching Association\u00a0 (Alemanha\/It\u00e1lia\/A\u00fastria\/Sui\u00e7a), Global Coaching Community (Alemanha\/Inglaterra), Metaforum International (It\u00e1lia\/Alemanha) e International Association of Coaching Institutes (EUA). Hipnoterapeuta.<\/p>\n<p style=\"text-align: justify;\">Atende em consult\u00f3rio no Cacup\u00e9 em Florian\u00f3polis, pr\u00f3ximo ao Sesc, para coaching de vida e executivo. Problemas emocionais com terapia em Programa\u00e7\u00e3o Neurolingu\u00edstica, Hipnose e Terapia da Linha do Tempo. Entre em contato pelo tel: (48) 98437-3137 ou pelo email cesar@coachflorianopolis.com.br.<\/p>\n","protected":false},"excerpt":{"rendered":"<p>Esse site\/blog foi criado pelo Coach Cesar Moraes e tem como finalidade divulgar id\u00e9ias e opini\u00f5es sobre o Coaching. Cesar de Moraes [&hellip;]<\/p>\n","protected":false},"author":1,"featured_media":0,"parent":0,"menu_order":0,"comment_status":"open","ping_status":"open","template":"","meta":{"footnotes":""},"class_list":["post-2","page","type-page","status-publish","hentry"],"_links":{"self":[{"href":"https:\/\/coachflorianopolis.com.br\/index.php\/wp-json\/wp\/v2\/pages\/2","targetHints":{"allow":["GET"]}}],"collection":[{"href":"https:\/\/coachflorianopolis.com.br\/index.php\/wp-json\/wp\/v2\/pages"}],"about":[{"href":"https:\/\/coachflorianopolis.com.br\/index.php\/wp-json\/wp\/v2\/types\/page"}],"author":[{"embeddable":true,"href":"https:\/\/coachflorianopolis.com.br\/index.php\/wp-json\/wp\/v2\/users\/1"}],"replies":[{"embeddable":true,"href":"https:\/\/coachflorianopolis.com.br\/index.php\/wp-json\/wp\/v2\/comments?post=2"}],"version-history":[{"count":20,"href":"https:\/\/coachflorianopolis.com.br\/index.php\/wp-json\/wp\/v2\/pages\/2\/revisions"}],"predecessor-version":[{"id":449,"href":"https:\/\/coachflorianopolis.com.br\/index.php\/wp-json\/wp\/v2\/pages\/2\/revisions\/449"}],"wp:attachment":[{"href":"https:\/\/coachflorianopolis.com.br\/index.php\/wp-json\/wp\/v2\/media?parent=2"}],"curies":[{"name":"wp","href":"https:\/\/api.w.org\/{rel}","templated":true}]}}